{"id":82,"date":"2021-11-24T14:36:32","date_gmt":"2021-11-24T14:36:32","guid":{"rendered":"http:\/\/isabelsantamarina.com\/sitio\/?page_id=82"},"modified":"2021-11-30T16:00:03","modified_gmt":"2021-11-30T16:00:03","slug":"biografia","status":"publish","type":"page","link":"https:\/\/isabelsantamarina.com\/sitio\/index.php\/biografia\/","title":{"rendered":"Biograf\u00eda"},"content":{"rendered":"\t\t<div data-elementor-type=\"wp-page\" data-elementor-id=\"82\" class=\"elementor elementor-82\" data-elementor-post-type=\"page\">\n\t\t\t\t\t\t<section class=\"elementor-section elementor-top-section elementor-element elementor-element-df64af5 elementor-section-full_width elementor-section-height-default elementor-section-height-default\" data-id=\"df64af5\" data-element_type=\"section\" data-e-type=\"section\" data-settings=\"{&quot;background_background&quot;:&quot;classic&quot;}\">\n\t\t\t\t\t\t<div class=\"elementor-container elementor-column-gap-default\">\n\t\t\t\t\t<div class=\"elementor-column elementor-col-100 elementor-top-column elementor-element elementor-element-1c249e5\" data-id=\"1c249e5\" data-element_type=\"column\" data-e-type=\"column\" data-settings=\"{&quot;background_background&quot;:&quot;classic&quot;}\">\n\t\t\t<div class=\"elementor-widget-wrap elementor-element-populated\">\n\t\t\t\t\t\t<section class=\"elementor-section elementor-inner-section elementor-element elementor-element-7493aa9 elementor-section-boxed elementor-section-height-default elementor-section-height-default\" data-id=\"7493aa9\" data-element_type=\"section\" data-e-type=\"section\">\n\t\t\t\t\t\t<div class=\"elementor-container elementor-column-gap-default\">\n\t\t\t\t\t<div class=\"elementor-column elementor-col-50 elementor-inner-column elementor-element elementor-element-1a1baf3\" data-id=\"1a1baf3\" data-element_type=\"column\" data-e-type=\"column\">\n\t\t\t<div class=\"elementor-widget-wrap elementor-element-populated\">\n\t\t\t\t\t\t<div class=\"elementor-element elementor-element-844ab2c elementor-widget elementor-widget-image\" data-id=\"844ab2c\" data-element_type=\"widget\" data-e-type=\"widget\" data-widget_type=\"image.default\">\n\t\t\t\t<div class=\"elementor-widget-container\">\n\t\t\t\t\t\t\t\t\t\t\t\t\t\t\t<img fetchpriority=\"high\" decoding=\"async\" width=\"435\" height=\"454\" src=\"https:\/\/isabelsantamarina.com\/sitio\/wp-content\/uploads\/2021\/11\/SANTAMARINA-BIO-1.jpg\" class=\"attachment-large size-large wp-image-116\" alt=\"\" srcset=\"https:\/\/isabelsantamarina.com\/sitio\/wp-content\/uploads\/2021\/11\/SANTAMARINA-BIO-1.jpg 435w, https:\/\/isabelsantamarina.com\/sitio\/wp-content\/uploads\/2021\/11\/SANTAMARINA-BIO-1-287x300.jpg 287w\" sizes=\"(max-width: 435px) 100vw, 435px\" \/>\t\t\t\t\t\t\t\t\t\t\t\t\t\t\t<\/div>\n\t\t\t\t<\/div>\n\t\t\t\t\t<\/div>\n\t\t<\/div>\n\t\t\t\t<div class=\"elementor-column elementor-col-50 elementor-inner-column elementor-element elementor-element-1ed3a8e\" data-id=\"1ed3a8e\" data-element_type=\"column\" data-e-type=\"column\">\n\t\t\t<div class=\"elementor-widget-wrap elementor-element-populated\">\n\t\t\t\t\t\t<div class=\"elementor-element elementor-element-8249626 elementor-widget elementor-widget-heading\" data-id=\"8249626\" data-element_type=\"widget\" data-e-type=\"widget\" data-widget_type=\"heading.default\">\n\t\t\t\t<div class=\"elementor-widget-container\">\n\t\t\t\t\t<h2 class=\"elementor-heading-title elementor-size-large\">BIOGRAFIA<\/h2>\t\t\t\t<\/div>\n\t\t\t\t<\/div>\n\t\t\t\t<div class=\"elementor-element elementor-element-17c9719 elementor-widget-divider--view-line elementor-widget elementor-widget-divider\" data-id=\"17c9719\" data-element_type=\"widget\" data-e-type=\"widget\" data-widget_type=\"divider.default\">\n\t\t\t\t<div class=\"elementor-widget-container\">\n\t\t\t\t\t\t\t<div class=\"elementor-divider\">\n\t\t\t<span class=\"elementor-divider-separator\">\n\t\t\t\t\t\t<\/span>\n\t\t<\/div>\n\t\t\t\t\t\t<\/div>\n\t\t\t\t<\/div>\n\t\t\t\t\t<\/div>\n\t\t<\/div>\n\t\t\t\t\t<\/div>\n\t\t<\/section>\n\t\t\t\t<section class=\"elementor-section elementor-inner-section elementor-element elementor-element-438cb44 elementor-section-boxed elementor-section-height-default elementor-section-height-default\" data-id=\"438cb44\" data-element_type=\"section\" data-e-type=\"section\">\n\t\t\t\t\t\t<div class=\"elementor-container elementor-column-gap-default\">\n\t\t\t\t\t<div class=\"elementor-column elementor-col-25 elementor-inner-column elementor-element elementor-element-6ac778a\" data-id=\"6ac778a\" data-element_type=\"column\" data-e-type=\"column\">\n\t\t\t<div class=\"elementor-widget-wrap elementor-element-populated\">\n\t\t\t\t\t\t<div class=\"elementor-element elementor-element-cab8671 elementor-widget elementor-widget-heading\" data-id=\"cab8671\" data-element_type=\"widget\" data-e-type=\"widget\" data-widget_type=\"heading.default\">\n\t\t\t\t<div class=\"elementor-widget-container\">\n\t\t\t\t\t<p class=\"elementor-heading-title elementor-size-default\">Isabel Santamarina naci\u00f3 en Buenos Aires el 20 de Julio de 1954. Desde sus comienzos se conect\u00f3 de una manera muy especial con el cuerpo humano. Dedic\u00f3 gran parte de su vida a practicar dos disciplinas fuertes, Danza contempor\u00e1nea y Ashtanga Yoga que la ayudaron a acumular conocimientos sobre las proyecciones del cuerpo humano, sus destrezas y limitaciones, su belleza y variedades. As\u00ed es como la vida la llevo de una manera muy femenina y con gran sensibilidad a la pr\u00e1ctica de la Escultura. <\/p>\t\t\t\t<\/div>\n\t\t\t\t<\/div>\n\t\t\t\t\t<\/div>\n\t\t<\/div>\n\t\t\t\t<div class=\"elementor-column elementor-col-25 elementor-inner-column elementor-element elementor-element-e7e3d6f\" data-id=\"e7e3d6f\" data-element_type=\"column\" data-e-type=\"column\">\n\t\t\t<div class=\"elementor-widget-wrap elementor-element-populated\">\n\t\t\t\t\t\t<div class=\"elementor-element elementor-element-04c6521 elementor-widget elementor-widget-heading\" data-id=\"04c6521\" data-element_type=\"widget\" data-e-type=\"widget\" data-widget_type=\"heading.default\">\n\t\t\t\t<div class=\"elementor-widget-container\">\n\t\t\t\t\t<p class=\"elementor-heading-title elementor-size-default\">\nDesde el a\u00f1o 2003, transmite a trav\u00e9s de sus obras, un mundo en el que las formas toman volumen, a veces modelando el barro en bajos relieves otras llegando al volumen total con las esculturas. El barro, el yeso y el cemento le permiten los acabados. En sus obras predomina la pureza del color blanco. Juega con la luz, con sus contrastes y sutilezas, y con el color, logra r\u00fasticas texturas que ayudan a marcar acentos en sus blancos relieves y esculturas. <\/p>\t\t\t\t<\/div>\n\t\t\t\t<\/div>\n\t\t\t\t\t<\/div>\n\t\t<\/div>\n\t\t\t\t<div class=\"elementor-column elementor-col-25 elementor-inner-column elementor-element elementor-element-c53b9de\" data-id=\"c53b9de\" data-element_type=\"column\" data-e-type=\"column\">\n\t\t\t<div class=\"elementor-widget-wrap elementor-element-populated\">\n\t\t\t\t\t\t<div class=\"elementor-element elementor-element-d23821c elementor-widget elementor-widget-heading\" data-id=\"d23821c\" data-element_type=\"widget\" data-e-type=\"widget\" data-widget_type=\"heading.default\">\n\t\t\t\t<div class=\"elementor-widget-container\">\n\t\t\t\t\t<p class=\"elementor-heading-title elementor-size-large\">Cada uno de sus trabajos es diferente y a la vez siempre comparten su esencia de b\u00fasqueda de un acto creativo. Esa b\u00fasqueda cotidiana se refleja en cada nuevo enfoque de un tema ya conocido como la mujer. Isabel se nutre de la naturaleza, materializa a trav\u00e9s de sus obras lo que ve y siente y por sobre todo hace lo que le gusta.<\/p>\t\t\t\t<\/div>\n\t\t\t\t<\/div>\n\t\t\t\t\t<\/div>\n\t\t<\/div>\n\t\t\t\t<div class=\"elementor-column elementor-col-25 elementor-inner-column elementor-element elementor-element-5142d2b\" data-id=\"5142d2b\" data-element_type=\"column\" data-e-type=\"column\">\n\t\t\t<div class=\"elementor-widget-wrap elementor-element-populated\">\n\t\t\t\t\t\t<div class=\"elementor-element elementor-element-bca04a2 elementor-widget elementor-widget-heading\" data-id=\"bca04a2\" data-element_type=\"widget\" data-e-type=\"widget\" data-widget_type=\"heading.default\">\n\t\t\t\t<div class=\"elementor-widget-container\">\n\t\t\t\t\t<p class=\"elementor-heading-title elementor-size-large\">Ha expuesto en galer\u00edas y museos del pa\u00eds entre los m\u00e1s destacados; Galer\u00eda Holtz (2005), Galer\u00eda de la Biblioteca Nacional (2008), Hotel Sofitel Bs As Arroyo (2009), Museo Metropolitano (2011), Biblioteca Nacional (2011), Museo de Ushuaia (2012), Jockey Club Recoleta (2013) y Patio Bullrich (2018).<\/p>\t\t\t\t<\/div>\n\t\t\t\t<\/div>\n\t\t\t\t<div class=\"elementor-element elementor-element-5f6f4da elementor-widget elementor-widget-image\" data-id=\"5f6f4da\" data-element_type=\"widget\" data-e-type=\"widget\" data-widget_type=\"image.default\">\n\t\t\t\t<div class=\"elementor-widget-container\">\n\t\t\t\t\t\t\t\t\t\t\t\t\t\t\t<img decoding=\"async\" width=\"208\" height=\"273\" src=\"https:\/\/isabelsantamarina.com\/sitio\/wp-content\/uploads\/2021\/11\/SANTAMARINA-BIO.png\" class=\"attachment-large size-large wp-image-188\" alt=\"\" \/>\t\t\t\t\t\t\t\t\t\t\t\t\t\t\t<\/div>\n\t\t\t\t<\/div>\n\t\t\t\t\t<\/div>\n\t\t<\/div>\n\t\t\t\t\t<\/div>\n\t\t<\/section>\n\t\t\t\t\t<\/div>\n\t\t<\/div>\n\t\t\t\t\t<\/div>\n\t\t<\/section>\n\t\t\t\t<\/div>\n\t\t","protected":false},"excerpt":{"rendered":"<p>BIOGRAFIA Isabel Santamarina naci\u00f3 en Buenos Aires el 20 de Julio de 1954. Desde sus comienzos se conect\u00f3 de una manera muy especial con el cuerpo humano. Dedic\u00f3 gran parte de su vida a practicar dos disciplinas fuertes, Danza contempor\u00e1nea y Ashtanga Yoga que la ayudaron a acumular conocimientos sobre las proyecciones del cuerpo humano, [&hellip;]<\/p>\n","protected":false},"author":1,"featured_media":0,"parent":0,"menu_order":2,"comment_status":"closed","ping_status":"closed","template":"elementor_header_footer","meta":{"footnotes":""},"class_list":["post-82","page","type-page","status-publish","hentry"],"_links":{"self":[{"href":"https:\/\/isabelsantamarina.com\/sitio\/index.php\/wp-json\/wp\/v2\/pages\/82","targetHints":{"allow":["GET"]}}],"collection":[{"href":"https:\/\/isabelsantamarina.com\/sitio\/index.php\/wp-json\/wp\/v2\/pages"}],"about":[{"href":"https:\/\/isabelsantamarina.com\/sitio\/index.php\/wp-json\/wp\/v2\/types\/page"}],"author":[{"embeddable":true,"href":"https:\/\/isabelsantamarina.com\/sitio\/index.php\/wp-json\/wp\/v2\/users\/1"}],"replies":[{"embeddable":true,"href":"https:\/\/isabelsantamarina.com\/sitio\/index.php\/wp-json\/wp\/v2\/comments?post=82"}],"version-history":[{"count":32,"href":"https:\/\/isabelsantamarina.com\/sitio\/index.php\/wp-json\/wp\/v2\/pages\/82\/revisions"}],"predecessor-version":[{"id":265,"href":"https:\/\/isabelsantamarina.com\/sitio\/index.php\/wp-json\/wp\/v2\/pages\/82\/revisions\/265"}],"wp:attachment":[{"href":"https:\/\/isabelsantamarina.com\/sitio\/index.php\/wp-json\/wp\/v2\/media?parent=82"}],"curies":[{"name":"wp","href":"https:\/\/api.w.org\/{rel}","templated":true}]}}